{"id":1723,"date":"2021-06-29T09:50:40","date_gmt":"2021-06-29T09:50:40","guid":{"rendered":"https:\/\/www.meydan.tv\/?page_id=1723"},"modified":"2023-11-06T18:46:02","modified_gmt":"2023-11-06T14:46:02","slug":"yazarlar-ucun-qaydalar","status":"publish","type":"page","link":"https:\/\/www.meydan.tv\/az\/yazarlar-ucun-qaydalar\/","title":{"rendered":"Yazarlar \u00fc\u00e7\u00fcn qaydalar"},"content":{"rendered":"\n<p>M\u0259qal\u0259nizin Meydan TV sayt\u0131nda d\u0259rc olunmas\u0131 \u00fc\u00e7\u00fcn a\u015fa\u011f\u0131dak\u0131lar vacibdir:&nbsp;<\/p>\n\n\n\n<ol class=\"wp-block-list\" type=\"1\">\n<li>\u015e\u0259kliniz<\/li>\n\n\n\n<li>\u018fsl ad\u0131n\u0131z v\u0259 soyad\u0131n\u0131z (\u0259g\u0259r t\u0259x\u0259ll\u00fcsl\u0259 v\u0259 \u015f\u0259kilsiz d\u0259rc olunmaq ist\u0259yirsinizs\u0259, s\u0259b\u0259bini izah edin);<\/li>\n\n\n\n<li>Q\u0131sa t\u0259rc\u00fcmeyi-hal\u0131n\u0131z, v\u0259zif\u0259niz, h\u0259m\u00e7inin sayt\u0131n \u201cm\u00fc\u0259llif haqq\u0131nda\u201d b\u00f6lm\u0259sind\u0259 yerl\u0259\u015fdirm\u0259k ist\u0259diyiniz m\u0259lumat. Quru v\u0259 r\u0259smi t\u0259qdimatdan \u00e7\u0259kinin.\n<ul class=\"wp-block-list\">\n<li>K\u00f6\u015f\u0259 v\u0259 ya m\u0259qal\u0259 \u00fc\u00e7\u00fcn ba\u015fl\u0131q se\u00e7imi redaktorun s\u0259lahiyy\u0259tl\u0259rin\u0259 daxildir. Redaktor, m\u0259qal\u0259nin ba\u015fl\u0131\u011f\u0131n\u0131 d\u0259yi\u015fm\u0259k, m\u0259qal\u0259nin kontekstini t\u0259hrif etm\u0259d\u0259n uy\u011fun ba\u015fl\u0131q se\u00e7m\u0259k h\u00fcququna sahibdir.\u00a0<\/li>\n\n\n\n<li>K\u00f6\u015f\u0259 \u00fc\u00e7\u00fcn m\u00f6vzular\u0131n \u0259hat\u0259 dair\u0259si kifay\u0259t q\u0259d\u0259r geni\u015fdir: siyas\u0259t, biznes, maliyy\u0259, idman, m\u0259d\u0259niyy\u0259t, din, texnologiya, d\u0259b v\u0259 sair. K\u00f6\u015f\u0259 yazar\u0131 unutmamal\u0131d\u0131r ki, oxucular\u0131 ilk n\u00f6vb\u0259d\u0259 \u0259sasland\u0131r\u0131lm\u0131\u015f v\u0259 etibarl\u0131 r\u0259yl\u0259r maraqland\u0131r\u0131r. H\u0259m\u00e7inin, m\u00f6vzuya b\u0259dii v\u0259 yumoristik yana\u015fma da t\u0259qdir olunur.&nbsp;<\/li>\n\n\n\n<li>M\u0259tnl\u0259rin h\u0259cmi. M\u0259tnin oxucular t\u0259r\u0259find\u0259n daha yax\u015f\u0131 qavran\u0131lmas\u0131 \u00fc\u00e7\u00fcn bir yaz\u0131da 5000 i\u015far\u0259 h\u0259cmind\u0259n \u00e7\u0131xmamaq t\u00f6vsiy\u0259 olunur. Daha b\u00f6y\u00fck m\u0259tnl\u0259ri hiss\u0259l\u0259r\u0259 b\u00f6lm\u0259k v\u0259 \u00abard\u0131 var\u00bb \u015f\u0259klind\u0259 d\u0259rc etm\u0259k m\u0259qs\u0259d\u0259uy\u011fundur.<\/li>\n\n\n\n<li>M\u0259tnl\u0259rin \u0259lav\u0259 t\u0259rtibat\u0131n\u0131- \u015f\u0259kill\u0259r, video, infoqrafika- redaksiyan\u0131n \u00fcnvan\u0131na opinion@meydan.tv g\u00f6nd\u0259r\u0259 bil\u0259rsiniz.<\/li>\n<\/ul>\n<\/li>\n\n\n\n<li>K\u00f6\u015f\u0259l\u0259rd\u0259 a\u015fa\u011f\u0131dak\u0131lar qada\u011fand\u0131r:\n<ul class=\"wp-block-list\">\n<li>Oxucular\u0131n, dig\u0259r yazarlar\u0131n v\u0259 sayt r\u0259hb\u0259rliyinin \u015f\u0259r\u0259f v\u0259 l\u0259yaq\u0259tini t\u0259hqir ed\u0259n t\u0259xribat\u00e7\u0131 ifad\u0259l\u0259r;&nbsp;<\/li>\n\n\n\n<li>\u0130st\u0259r a\u00e7\u0131q, ist\u0259rs\u0259 d\u0259 gizli \u015f\u0259kild\u0259 senzuradank\u0259nar leksikadan istifad\u0259;<\/li>\n\n\n\n<li>(\u018fg\u0259r senzuradan k\u0259nar leksika b\u0259dii fikrin ayr\u0131lmaz hiss\u0259sidirs\u0259, redaktorun, h\u0259min ifad\u0259ni n\u00f6qt\u0259l\u0259r v\u0259 ya q\u0259bul olunmu\u015f dig\u0259r i\u015far\u0259l\u0259rl\u0259 \u0259v\u0259z etm\u0259y\u0259 ixtiyar\u0131 var);<\/li>\n<\/ul>\n<\/li>\n\n\n\n<li>Dini, irqi, mill\u0259tl\u0259raras\u0131 nifr\u0259tin, irqi, etnik, cinsi, dini, sosial \u0259lam\u0259tl\u0259rin\u0259 g\u00f6r\u0259 d\u00fc\u015fm\u0259n\u00e7iliyin, yaxud ayr\u0131-se\u00e7kiliyin t\u0259bli\u011fi v\u0259 q\u0131z\u0131\u015fd\u0131r\u0131lmas\u0131;\n<ul class=\"wp-block-list\">\n<li>Yalan m\u0259lumat\u0131n yay\u0131lmas\u0131;<\/li>\n\n\n\n<li>Gizli v\u0259 ya a\u00e7\u0131q reklam;&nbsp;<\/li>\n\n\n\n<li>Separatizmin t\u0259bli\u011fi.<\/li>\n<\/ul>\n<\/li>\n<\/ol>\n\n\n\n<p>M\u00fc\u0259llif h\u0259r hans\u0131 m\u00f6vzunu \u015f\u0259rh ed\u0259rk\u0259n fakt\u0131n d\u0259qiqliyin\u0259 \u0259min olmal\u0131, sad\u0259c\u0259 yay\u0131lan s\u00f6z-s\u00f6hb\u0259t\u0259 fikir bildirm\u0259m\u0259lidir.&nbsp;<\/p>\n\n\n\n<p>M\u00fc\u0259llif hadis\u0259ni t\u0259svir ed\u0259rk\u0259n v\u0259 ya h\u0259r hans\u0131 fikr\u0259 istinad ver\u0259rk\u0259n, m\u00fctl\u0259q bunu faktlarla (link, foto v\u0259 s) g\u00f6st\u0259rm\u0259li, haz\u0131rlad\u0131\u011f\u0131 materialda ke\u00e7id verm\u0259lidir.<\/p>\n\n\n\n<p>M\u00fc\u0259llif t\u0259r\u0259fl\u0259raras\u0131 siyasi oyunlar\u0131n i\u015ftirak\u00e7\u0131s\u0131 olmamal\u0131d\u0131r. O, t\u0259msil etdiyi partiya, t\u0259\u015fkilat, birlik haqq\u0131nda yaz\u0131 haz\u0131rlaya bilm\u0259z.<\/p>\n\n\n\n<ol class=\"wp-block-list\" start=\"6\">\n<li>V\u0259t\u0259nda\u015flar\u0131n v\u0259 ya t\u0259\u015fkilatlar\u0131n i\u015fg\u00fczar n\u00fcfuzunu v\u0259 l\u0259yaq\u0259tini al\u00e7aldan, g\u00f6zd\u0259n salan, onlara qar\u015f\u0131 t\u0259hl\u00fck\u0259 da\u015f\u0131yan m\u0259lumatlar;\n<ul class=\"wp-block-list\">\n<li>Az\u0259rbaycan Cinay\u0259t M\u0259c\u0259ll\u0259sind\u0259 n\u0259z\u0259rd\u0259 tutulmu\u015f \u0259m\u0259ll\u0259r\u0259 \u00e7a\u011f\u0131r\u0131\u015f.<\/li>\n<\/ul>\n<\/li>\n\n\n\n<li>Redaksiya, t\u0259rkibind\u0259 siyasi reklam olan k\u00f6\u015f\u0259l\u0259ri d\u0259rc etm\u0259m\u0259k h\u00fcququnu \u00f6z\u00fcnd\u0259 saxlay\u0131r.\n<ul class=\"wp-block-list\">\n<li>H\u0259m\u00e7inin redaksiya, k\u00f6\u015f\u0259nin d\u0259rcind\u0259n izahat verm\u0259d\u0259n imtina ed\u0259 bil\u0259r.<\/li>\n\n\n\n<li>Yaz\u0131s\u0131 Meydan.TV-nin \u00abFikrimc\u0259\u00bb b\u00f6lm\u0259sind\u0259 d\u0259rc olunan m\u00fc\u0259llif, material\u0131n m\u00fc\u0259lliflik h\u00fcquqlar\u0131n\u0131 Meydan TV-y\u0259 verir.<\/li>\n<\/ul>\n<\/li>\n<\/ol>\n\n\n\n<p>Yazar redaksiyan\u0131n daimi m\u00fc\u0259llifi oldu\u011fu halda, \u00abFikrimc\u0259\u00bb b\u00f6lm\u0259sinin redaktoru ona m\u00f6vzu sifari\u015f ed\u0259 bil\u0259r.<\/p>\n\n\n\n<p>Saytda m\u0259tn v\u0259 ya vizual formatda ifad\u0259 olunmu\u015f fikirl\u0259r redaksiyan\u0131n fikri il\u0259 h\u0259mi\u015f\u0259 \u00fcst-\u00fcst\u0259 d\u00fc\u015fm\u0259y\u0259 bil\u0259r, lakin redaksiya, c\u0259miyy\u0259td\u0259 fikir azadl\u0131\u011f\u0131n\u0131 v\u0259 ictimai \u0259h\u0259miyy\u0259t da\u015f\u0131yan m\u0259s\u0259l\u0259l\u0259rd\u0259 s\u0259rb\u0259st v\u0259 a\u00e7\u0131q diskussiyalar\u0131 d\u0259st\u0259kl\u0259m\u0259k m\u0259qs\u0259dil\u0259 h\u0259min fikirl\u0259rin d\u0259rcin\u0259 imkan yarad\u0131r.<\/p>\n\n\n\n<p>B\u00fct\u00fcn materiallar orijinal olmal\u0131 v\u0259 yaln\u0131z Meydan TV-y\u0259 t\u0259qdim edilm\u0259lidir. Ba\u015fqa K\u0130V-l\u0259r\u0259 t\u0259qdim edil\u0259n, ya da h\u0259r hans\u0131 bir \u015f\u0259kild\u0259 (\u00e7ap v\u0259 ya onlayn) yay\u0131nlanm\u0131\u015f m\u0259qal\u0259l\u0259r q\u0259bul edilmir.<\/p>\n","protected":false},"excerpt":{"rendered":"<p>M\u0259qal\u0259nizin Meydan TV sayt\u0131nda d\u0259rc olunmas\u0131 \u00fc\u00e7\u00fcn a\u015fa\u011f\u0131dak\u0131lar vacibdir:&nbsp; M\u00fc\u0259llif &#8230; <\/p>\n<p class=\"read-more-container\"><a title=\"Yazarlar \u00fc\u00e7\u00fcn qaydalar\" class=\"read-more button\" href=\"https:\/\/www.meydan.tv\/az\/yazarlar-ucun-qaydalar\/#more-1723\" aria-label=\"Read more about Yazarlar \u00fc\u00e7\u00fcn qaydalar\">Davam\u0131<\/a><\/p>\n","protected":false},"author":11,"featured_media":0,"parent":0,"menu_order":0,"comment_status":"closed","ping_status":"closed","template":"","meta":{"_acf_changed":false,"_sitemap_exclude":false,"_sitemap_priority":"","_sitemap_frequency":"","footnotes":""},"class_list":{"0":"post-1723","1":"page","2":"type-page","3":"status-publish","5":"infinite-scroll-item","6":"no-featured-image-padding"},"acf":[],"yoast_head":"<!-- This site is optimized with the Yoast SEO plugin v27.4 - https:\/\/yoast.com\/product\/yoast-seo-wordpress\/ -->\n<title>Yazarlar \u00fc\u00e7\u00fcn qaydalar - MEYDAN.TV<\/title>\n<meta name=\"robots\" content=\"index, follow, max-snippet:-1, max-image-preview:large, max-video-preview:-1\" \/>\n<link rel=\"canonical\" href=\"https:\/\/www.meydan.tv\/az\/yazarlar-ucun-qaydalar\/\" \/>\n<meta property=\"og:locale\" content=\"az_AZ\" \/>\n<meta property=\"og:type\" content=\"article\" \/>\n<meta property=\"og:title\" content=\"Yazarlar \u00fc\u00e7\u00fcn qaydalar - MEYDAN.TV\" \/>\n<meta property=\"og:description\" content=\"M\u0259qal\u0259nizin Meydan TV sayt\u0131nda d\u0259rc olunmas\u0131 \u00fc\u00e7\u00fcn a\u015fa\u011f\u0131dak\u0131lar vacibdir:&nbsp; M\u00fc\u0259llif ... Davam\u0131\" \/>\n<meta property=\"og:url\" content=\"https:\/\/www.meydan.tv\/az\/yazarlar-ucun-qaydalar\/\" \/>\n<meta property=\"og:site_name\" content=\"MEYDAN.TV\" \/>\n<meta property=\"article:modified_time\" content=\"2023-11-06T14:46:02+00:00\" \/>\n<meta name=\"twitter:card\" content=\"summary_large_image\" \/>\n<script type=\"application\/ld+json\" class=\"yoast-schema-graph\">{\"@context\":\"https:\\\/\\\/schema.org\",\"@graph\":[{\"@type\":\"WebPage\",\"@id\":\"https:\\\/\\\/www.meydan.tv\\\/az\\\/yazarlar-ucun-qaydalar\\\/\",\"url\":\"https:\\\/\\\/www.meydan.tv\\\/az\\\/yazarlar-ucun-qaydalar\\\/\",\"name\":\"Yazarlar \u00fc\u00e7\u00fcn qaydalar - MEYDAN.TV\",\"isPartOf\":{\"@id\":\"https:\\\/\\\/www.meydan.tv\\\/az\\\/#website\"},\"datePublished\":\"2021-06-29T09:50:40+00:00\",\"dateModified\":\"2023-11-06T14:46:02+00:00\",\"breadcrumb\":{\"@id\":\"https:\\\/\\\/www.meydan.tv\\\/az\\\/yazarlar-ucun-qaydalar\\\/#breadcrumb\"},\"inLanguage\":\"az\",\"potentialAction\":[{\"@type\":\"ReadAction\",\"target\":[\"https:\\\/\\\/www.meydan.tv\\\/az\\\/yazarlar-ucun-qaydalar\\\/\"]}]},{\"@type\":\"BreadcrumbList\",\"@id\":\"https:\\\/\\\/www.meydan.tv\\\/az\\\/yazarlar-ucun-qaydalar\\\/#breadcrumb\",\"itemListElement\":[{\"@type\":\"ListItem\",\"position\":1,\"name\":\"Ana s\u0259hif\u0259\",\"item\":\"https:\\\/\\\/www.meydan.tv\\\/az\\\/\"},{\"@type\":\"ListItem\",\"position\":2,\"name\":\"Yazarlar \u00fc\u00e7\u00fcn qaydalar\"}]},{\"@type\":\"WebSite\",\"@id\":\"https:\\\/\\\/www.meydan.tv\\\/az\\\/#website\",\"url\":\"https:\\\/\\\/www.meydan.tv\\\/az\\\/\",\"name\":\"MEYDAN.TV\",\"description\":\"Meydan TV Az\u0259rbaycan\u0131n media m\u0259kan\u0131ndak\u0131 alternativ s\u0259sidir\",\"publisher\":{\"@id\":\"https:\\\/\\\/www.meydan.tv\\\/az\\\/#organization\"},\"potentialAction\":[{\"@type\":\"SearchAction\",\"target\":{\"@type\":\"EntryPoint\",\"urlTemplate\":\"https:\\\/\\\/www.meydan.tv\\\/az\\\/?s={search_term_string}\"},\"query-input\":{\"@type\":\"PropertyValueSpecification\",\"valueRequired\":true,\"valueName\":\"search_term_string\"}}],\"inLanguage\":\"az\"},{\"@type\":\"Organization\",\"@id\":\"https:\\\/\\\/www.meydan.tv\\\/az\\\/#organization\",\"name\":\"Meydan TV\",\"url\":\"https:\\\/\\\/www.meydan.tv\\\/az\\\/\",\"logo\":{\"@type\":\"ImageObject\",\"inLanguage\":\"az\",\"@id\":\"https:\\\/\\\/www.meydan.tv\\\/az\\\/#\\\/schema\\\/logo\\\/image\\\/\",\"url\":\"https:\\\/\\\/www.meydan.tv\\\/wp-content\\\/uploads\\\/2021\\\/07\\\/meydan-logo.svg\",\"contentUrl\":\"https:\\\/\\\/www.meydan.tv\\\/wp-content\\\/uploads\\\/2021\\\/07\\\/meydan-logo.svg\",\"width\":195,\"height\":46,\"caption\":\"Meydan TV\"},\"image\":{\"@id\":\"https:\\\/\\\/www.meydan.tv\\\/az\\\/#\\\/schema\\\/logo\\\/image\\\/\"}}]}<\/script>\n<!-- \/ Yoast SEO plugin. -->","yoast_head_json":{"title":"Yazarlar \u00fc\u00e7\u00fcn qaydalar - MEYDAN.TV","robots":{"index":"index","follow":"follow","max-snippet":"max-snippet:-1","max-image-preview":"max-image-preview:large","max-video-preview":"max-video-preview:-1"},"canonical":"https:\/\/www.meydan.tv\/az\/yazarlar-ucun-qaydalar\/","og_locale":"az_AZ","og_type":"article","og_title":"Yazarlar \u00fc\u00e7\u00fcn qaydalar - MEYDAN.TV","og_description":"M\u0259qal\u0259nizin Meydan TV sayt\u0131nda d\u0259rc olunmas\u0131 \u00fc\u00e7\u00fcn a\u015fa\u011f\u0131dak\u0131lar vacibdir:&nbsp; M\u00fc\u0259llif ... Davam\u0131","og_url":"https:\/\/www.meydan.tv\/az\/yazarlar-ucun-qaydalar\/","og_site_name":"MEYDAN.TV","article_modified_time":"2023-11-06T14:46:02+00:00","twitter_card":"summary_large_image","schema":{"@context":"https:\/\/schema.org","@graph":[{"@type":"WebPage","@id":"https:\/\/www.meydan.tv\/az\/yazarlar-ucun-qaydalar\/","url":"https:\/\/www.meydan.tv\/az\/yazarlar-ucun-qaydalar\/","name":"Yazarlar \u00fc\u00e7\u00fcn qaydalar - MEYDAN.TV","isPartOf":{"@id":"https:\/\/www.meydan.tv\/az\/#website"},"datePublished":"2021-06-29T09:50:40+00:00","dateModified":"2023-11-06T14:46:02+00:00","breadcrumb":{"@id":"https:\/\/www.meydan.tv\/az\/yazarlar-ucun-qaydalar\/#breadcrumb"},"inLanguage":"az","potentialAction":[{"@type":"ReadAction","target":["https:\/\/www.meydan.tv\/az\/yazarlar-ucun-qaydalar\/"]}]},{"@type":"BreadcrumbList","@id":"https:\/\/www.meydan.tv\/az\/yazarlar-ucun-qaydalar\/#breadcrumb","itemListElement":[{"@type":"ListItem","position":1,"name":"Ana s\u0259hif\u0259","item":"https:\/\/www.meydan.tv\/az\/"},{"@type":"ListItem","position":2,"name":"Yazarlar \u00fc\u00e7\u00fcn qaydalar"}]},{"@type":"WebSite","@id":"https:\/\/www.meydan.tv\/az\/#website","url":"https:\/\/www.meydan.tv\/az\/","name":"MEYDAN.TV","description":"Meydan TV Az\u0259rbaycan\u0131n media m\u0259kan\u0131ndak\u0131 alternativ s\u0259sidir","publisher":{"@id":"https:\/\/www.meydan.tv\/az\/#organization"},"potentialAction":[{"@type":"SearchAction","target":{"@type":"EntryPoint","urlTemplate":"https:\/\/www.meydan.tv\/az\/?s={search_term_string}"},"query-input":{"@type":"PropertyValueSpecification","valueRequired":true,"valueName":"search_term_string"}}],"inLanguage":"az"},{"@type":"Organization","@id":"https:\/\/www.meydan.tv\/az\/#organization","name":"Meydan TV","url":"https:\/\/www.meydan.tv\/az\/","logo":{"@type":"ImageObject","inLanguage":"az","@id":"https:\/\/www.meydan.tv\/az\/#\/schema\/logo\/image\/","url":"https:\/\/www.meydan.tv\/wp-content\/uploads\/2021\/07\/meydan-logo.svg","contentUrl":"https:\/\/www.meydan.tv\/wp-content\/uploads\/2021\/07\/meydan-logo.svg","width":195,"height":46,"caption":"Meydan TV"},"image":{"@id":"https:\/\/www.meydan.tv\/az\/#\/schema\/logo\/image\/"}}]}},"_links":{"self":[{"href":"https:\/\/www.meydan.tv\/az\/wp-json\/wp\/v2\/pages\/1723","targetHints":{"allow":["GET"]}}],"collection":[{"href":"https:\/\/www.meydan.tv\/az\/wp-json\/wp\/v2\/pages"}],"about":[{"href":"https:\/\/www.meydan.tv\/az\/wp-json\/wp\/v2\/types\/page"}],"author":[{"embeddable":true,"href":"https:\/\/www.meydan.tv\/az\/wp-json\/wp\/v2\/users\/11"}],"replies":[{"embeddable":true,"href":"https:\/\/www.meydan.tv\/az\/wp-json\/wp\/v2\/comments?post=1723"}],"version-history":[{"count":5,"href":"https:\/\/www.meydan.tv\/az\/wp-json\/wp\/v2\/pages\/1723\/revisions"}],"predecessor-version":[{"id":289911,"href":"https:\/\/www.meydan.tv\/az\/wp-json\/wp\/v2\/pages\/1723\/revisions\/289911"}],"wp:attachment":[{"href":"https:\/\/www.meydan.tv\/az\/wp-json\/wp\/v2\/media?parent=1723"}],"curies":[{"name":"wp","href":"https:\/\/api.w.org\/{rel}","templated":true}]}}