{"id":1714,"date":"2021-06-29T09:47:28","date_gmt":"2021-06-29T05:47:28","guid":{"rendered":"https:\/\/www.meydan.tv\/?page_id=1714"},"modified":"2023-06-01T21:07:45","modified_gmt":"2023-06-01T17:07:45","slug":"etik-qaydalar","status":"publish","type":"page","link":"https:\/\/www.meydan.tv\/az\/etik-qaydalar\/","title":{"rendered":"Etik prinsipl\u0259ri"},"content":{"rendered":"\n<h2 class=\"gb-headline gb-headline-470a8795 gb-headline-text\">Q\u0259r\u0259zsizlik<\/h2>\n\n\n\n<p>Meydan TV \u00fc\u00e7\u00fcn \u00e7al\u0131\u015fan jurnalist s\u00f6z v\u0259 ifad\u0259 azadl\u0131\u011f\u0131na, ictimaiyy\u0259tin h\u0259qiq\u0259ti bilm\u0259k h\u00fcququna h\u00f6rm\u0259tl\u0259 yana\u015fmal\u0131d\u0131r. Yaln\u0131z fakta \u0259saslanan m\u0259lumat yaymal\u0131, onu gizl\u0259tm\u0259m\u0259li v\u0259 ya \u015f\u0259xsi m\u00fcnasib\u0259tl\u0259r\u0259 g\u00f6r\u0259 onu saxtala\u015fd\u0131rmamal\u0131d\u0131r. H\u0259r hans\u0131 m\u00f6vzunu i\u015fl\u0259dikd\u0259 onunla ba\u011fl\u0131 \u015f\u0259xsi \u00e7\u0131xar\u0131 olmad\u0131\u011f\u0131n\u0131 g\u00f6st\u0259rm\u0259lidir.<\/p>\n\n\n\n<p>Jurnalist h\u0259r bir m\u0259lumat\u0131 senzuraya m\u0259ruz qoymadan yay\u0131mlamal\u0131d\u0131r (daxili \u00f6z\u00fcn\u00fcsenzura bel\u0259 yolverilm\u0259zdir). Yaln\u0131z demokratik d\u0259y\u0259rl\u0259r\u0259, insan haqlar\u0131na qar\u015f\u0131 olan m\u0259lumatlar yay\u0131mlana bilm\u0259z. M\u0259s\u0259l\u0259n, terror t\u0259\u015fkilatlar\u0131n\u0131, silah\u0131 t\u0259\u015fviq ed\u0259n m\u0259lumatlar yaymaq qada\u011fand\u0131r.<br>\u0130st\u0259nil\u0259n b\u0259yanat v\u0259 ya t\u0259qsirl\u0259ndirm\u0259 q\u0259r\u0259zsiz, m\u0259hk\u0259m\u0259d\u0259 s\u00fcbut edil\u0259 bil\u0259c\u0259k s\u0259viyy\u0259d\u0259 olmal\u0131d\u0131r. \u0130st\u0259nil\u0259n hekay\u0259nin n\u0259tic\u0259l\u0259ri yaln\u0131z faktlardan ibar\u0259t olmal\u0131d\u0131r.<\/p>\n\n\n\n<h2 class=\"gb-headline gb-headline-7bc4a786 gb-headline-text\">Balans<\/h2>\n\n\n\n<p>Jurnalistin m\u0259qs\u0259di yazd\u0131\u011f\u0131 materialda ba\u015f ver\u0259nl\u0259ri tam \u0259hat\u0259 etm\u0259k olmal\u0131d\u0131r \u2013 y\u0259ni ba\u015f ver\u0259n yax\u015f\u0131, pis v\u0259 bu iki c\u0259h\u0259tin aras\u0131nda olan b\u00fct\u00fcn dig\u0259r hadis\u0259l\u0259r \u0259hat\u0259 edilm\u0259lidir. Reall\u0131q birt\u0259r\u0259fli olmur, \u00e7oxt\u0259r\u0259fli olur. H\u0259r hans\u0131 ziddiyy\u0259tdolu bir x\u0259b\u0259ri yay\u0131mlayark\u0259n bu x\u0259b\u0259rin aid oldu\u011fu b\u00fct\u00fcn t\u0259r\u0259fl\u0259r\u0259 onlar haqq\u0131nda edil\u0259n iddialara cavab verm\u0259k \u015fans\u0131 verilm\u0259lidir \u2013 h\u0259min t\u0259r\u0259f Meydan TV-y\u0259 m\u0259nfi m\u00fcnasib\u0259t b\u0259sl\u0259s\u0259 bel\u0259.<br>T\u0259kzib v\u0259 cavab haqq\u0131na h\u00f6rm\u0259t edilm\u0259lidir.<\/p>\n\n\n\n<h2 class=\"gb-headline gb-headline-189fb50c gb-headline-text\">D\u0259qiqlik<\/h2>\n\n\n\n<p>Yaz\u0131lan x\u0259b\u0259rin d\u0259qiqliyin\u0259 \u0259min olmaq laz\u0131md\u0131r, y\u0259ni bu x\u0259b\u0259rin d\u00fczg\u00fcn olmad\u0131\u011f\u0131 iddia edil\u0259rs\u0259 (h\u0259tta m\u0259hk\u0259m\u0259d\u0259 bel\u0259), yazd\u0131\u011f\u0131n\u0131z\u0131 faktlarla d\u0259st\u0259kl\u0259y\u0259 bil\u0259c\u0259yinizd\u0259n \u0259min olun. Materialda h\u0259r hans\u0131 fakt s\u0259hv yaz\u0131l\u0131bsa, onu m\u00fctl\u0259q d\u00fcz\u0259ltm\u0259k v\u0259 material\u0131n verildiyi s\u0259hif\u0259d\u0259 d\u00fcz\u0259li\u015f etdiyinizi qeyd etm\u0259k laz\u0131md\u0131r. Oxucular \u015f\u0259ffafl\u0131\u011f\u0131 y\u00fcks\u0259k qiym\u0259tl\u0259ndirir. H\u0259mi\u015f\u0259 m\u00fcsahibinizin s\u0259sini yazma\u011fa \u00e7al\u0131\u015f\u0131n ki, onun dediyini iddia etdiyiniz s\u00f6zl\u0259ri h\u0259qiq\u0259t\u0259n d\u0259 dediyini s\u00fcbut ed\u0259 bil\u0259siniz. \u015e\u0259rh etm\u0259k bizim i\u015fimizin ayr\u0131lmaz hiss\u0259sidir. \u015e\u0259rh\u00e7i ayr\u0131-ayr\u0131 hadis\u0259l\u0259r aras\u0131ndak\u0131 rabit\u0259ni izl\u0259m\u0259y\u0259 \u00e7al\u0131\u015f\u0131r, bu v\u0259 ya dig\u0259r hadis\u0259nin, yaxud q\u0259rar\u0131n arxas\u0131nda n\u0259yin gizl\u0259ndiyini izah edir. Lakin \u015f\u0259rh jurnalistin \u015f\u0259xsi fikri deyil, bu v\u0259 ya dig\u0259r hadis\u0259nin n\u0259 \u00fc\u00e7\u00fcn ba\u015f verdiyini izah etm\u0259y\u0259 c\u0259hd g\u00f6st\u0259rm\u0259kdir.<\/p>\n\n\n\n<p>Reportyor hadis\u0259l\u0259ri t\u0259hlil ed\u0259rk\u0259n \u00f6z \u015f\u0259rhl\u0259rind\u0259 auditoriyan\u0131 h\u0259qiq\u0259td\u0259n uzaqla\u015fd\u0131rmaq qorxusu il\u0259 \u00fcz-\u00fcz\u0259 qala bil\u0259r. \u015e\u0259rh\u00e7il\u0259rin he\u00e7 d\u0259 ham\u0131s\u0131 \u00abnec\u0259 olmal\u0131d\u0131r\u00bb fikrind\u0259n yaxa qurtara bilmir, halbuki \u00abn\u0259\u00bb ba\u015f verdiyini v\u0259 \u00abn\u0259 \u00fc\u00e7\u00fcn\u00bb ba\u015f verdiyini t\u0259hlil etm\u0259lidir. Tarazl\u0131\u011f\u0131 saxlamaq \u00fcsullar\u0131ndan biri m\u00fczakir\u0259 olunan m\u0259s\u0259l\u0259nin m\u0259\u011fzin\u0259 \u0259saslanmaqd\u0131r.<\/p>\n\n\n\n<p>Faktlar v\u0259 izahlar bir-birind\u0259n ayr\u0131lmal\u0131d\u0131r. Baxan hiss etm\u0259lidir ki, hans\u0131 faktd\u0131r, hans\u0131 \u015f\u0259rh. X\u00fcsus\u0259n m\u00fc\u0259llif verili\u015fl\u0259rind\u0259 bu, n\u0259z\u0259r\u0259 al\u0131nmal\u0131d\u0131r.<\/p>\n\n\n\n<h2 class=\"gb-headline gb-headline-8301027c gb-headline-text\">Do\u011fruluq<\/h2>\n\n\n\n<p>Jurnalist \u00f6z ist\u0259diyi arqumenti d\u0259st\u0259kl\u0259m\u0259k m\u0259qs\u0259dil\u0259 m\u00f6vcud m\u0259lumat\u0131 gizl\u0259tm\u0259m\u0259li, onu t\u0259hrif etm\u0259m\u0259li v\u0259 m\u0259nb\u0259nin kimliyini v\u0259 ya dediyi s\u00f6zl\u0259ri s\u0259hv t\u0259qdim etm\u0259m\u0259lidir. Yazd\u0131\u011f\u0131n\u0131z s\u00f6zl\u0259r siz\u0259 m\u0259xsus deyils\u0259, onlar\u0131 d\u0131rnaq i\u015far\u0259si i\u00e7\u0259risind\u0259 yaz\u0131n v\u0259 m\u0259nb\u0259yini g\u00f6st\u0259rin. Dig\u0259r x\u0259b\u0259r m\u0259nb\u0259l\u0259ri v\u0259 ya saytlarda verilmi\u015f m\u0259lumat\u0131 eynil\u0259 g\u00f6t\u00fcr\u00fcb yazmay\u0131n. Plagiat etm\u0259k Meydan TV-nin n\u00fcfuzuna z\u0259rb\u0259dir, h\u0259m\u00e7inin sizin yaz\u0131n\u0131z\u0131n g\u0259l\u0259c\u0259kd\u0259 ciddi q\u0259bul edilm\u0259m\u0259sin\u0259 \u015f\u0259rait yarad\u0131r.<\/p>\n\n\n\n<h2 class=\"gb-headline gb-headline-93604c34 gb-headline-text\">D\u00fcr\u00fcstl\u00fck<\/h2>\n\n\n\n<p>Jurnalist m\u0259lumat ald\u0131\u011f\u0131 \u015f\u0259xs\u0259 m\u0259hz \u015f\u0259xsi m\u00fcnasib\u0259ti oldu\u011fu \u00fc\u00e7\u00fcn g\u00fcv\u0259nm\u0259m\u0259lidir. \u00c7\u00fcnki b\u0259z\u0259n yax\u0131nlar\u0131m\u0131z da hans\u0131sa m\u0259lumat\u0131 ver\u0259 bil\u0259r. Jurnalist h\u0259r hans\u0131 m\u00f6vzunun yay\u0131mlanmas\u0131ndan he\u00e7 bir \u015f\u0259xsi fayda \u0259ld\u0259 etm\u0259m\u0259lidir. M\u00fcsahib\u0259 v\u0259 ya m\u0259lumat almaq \u00fc\u00e7\u00fcn h\u0259r hans\u0131 \u015f\u0259xs\u0259 \u00f6d\u0259ni\u015f etm\u0259k v\u0259 ya dig\u0259r formada fayda verm\u0259k v\u0259 ya h\u0259r hans\u0131 m\u00f6vzunu yay\u0131mlamaq m\u00fcqabilind\u0259 dig\u0259r \u015f\u0259xsl\u0259rd\u0259n maliyy\u0259 v\u0259 ya material \u00f6d\u0259ni\u015f almaq qada\u011fand\u0131r!<\/p>\n\n\n\n<h2 class=\"gb-headline gb-headline-a2a03512 gb-headline-text\">H\u00f6rm\u0259t<\/h2>\n\n\n\n<p>H\u0259r hans\u0131 \u015f\u0259xsi cinsin\u0259, etnik m\u0259nsubiyy\u0259tin\u0259, milliyy\u0259tin\u0259, dinin\u0259, seksual orientasiyas\u0131na, fiziki v\u0259 ya \u0259qli \u0259lilliyin\u0259 v\u0259 ya h\u0259r hans\u0131 dig\u0259r bu n\u00f6v c\u0259h\u0259tin\u0259 g\u00f6r\u0259 al\u00e7aldacaq m\u0259zmunlardan (m\u0259tn, video, \u015f\u0259kil, karikatura) k\u0259nar durulmal\u0131d\u0131r. X\u0259b\u0259rl\u0259, birba\u015fa hadis\u0259 il\u0259 ba\u011fl\u0131 olmad\u0131\u011f\u0131 halda insanlar\u0131n cinsl\u0259rini, irql\u0259rini, ya\u015f\u0131n\u0131, fiziki m\u0259hdudiyy\u0259tini, milliyy\u0259tl\u0259rini qabartmaq olmaz.<\/p>\n\n\n\n<ul class=\"wp-block-list\">\n<li>M\u0259nfi hadis\u0259l\u0259rd\u0259 18 ya\u015f\u0131ndan ki\u00e7ik olan \u015f\u0259xsl\u0259rin fotolar\u0131, videolar\u0131, adlar\u0131 yay\u0131mlanmamal\u0131d\u0131r. Yaln\u0131z \u00fcz\u00fcn\u00fc \u00f6rtm\u0259k \u015f\u0259rti il\u0259 v\u0259 ya himay\u0259\u00e7isinin yan\u0131nda \u00fcmumi planda g\u00f6st\u0259rm\u0259k olar.<\/li>\n\n\n\n<li>\u0130ctimai \u0259h\u0259miyy\u0259ti olmad\u0131qca, \u015f\u0259xsin icaz\u0259si olmadan onun \u015f\u0259klini, videosunu \u00e7\u0259km\u0259k, s\u0259sini yazmaq olmaz. \u015e\u0259xsi h\u0259yat toxunulmazl\u0131\u011f\u0131 qorunmal\u0131d\u0131r.<\/li>\n\n\n\n<li>D\u00fc\u015fm\u0259n\u00e7ilik v\u0259 nifr\u0259t a\u015f\u0131lanmamal\u0131d\u0131r.<\/li>\n\n\n\n<li>Jurnalist gizl\u0259d\u0259c\u0259yin\u0259 s\u00f6z verdiyi m\u0259nb\u0259sini a\u00e7\u0131qlamamal\u0131d\u0131r. Yolu m\u0259hk\u0259m\u0259y\u0259 d\u00fc\u015fs\u0259 bel\u0259\u2026<\/li>\n\n\n\n<li>Qan v\u0259 \u015fidd\u0259ti g\u00f6st\u0259r\u0259n g\u00f6r\u00fcnt\u00fcl\u0259rd\u0259n, \u00f6l\u0259n \u015f\u0259xsin \u00fcz ifad\u0259sinin g\u00f6r\u00fcnt\u00fcl\u0259nm\u0259sinin yay\u0131mlanmas\u0131 qada\u011fand\u0131r.<br><\/li>\n<\/ul>\n\n\n\n<h2 class=\"gb-headline gb-headline-0f36a292 gb-headline-text\">A\u0130 <\/h2>\n\n\n\n<p>\u018fg\u0259r fotolarda s\u00fcni intellektd\u0259n istifad\u0259 ediriks\u0259, m\u00fctl\u0259q \u201cA\u0130-d\u0259n fotonun keyfiyy\u0259tini yax\u015f\u0131la\u015fd\u0131rmaq \u00fc\u00e7\u00fcn istifad\u0259 olunub\u201d s\u00f6z\u00fc yaz\u0131lmal\u0131d\u0131r. A\u0130 istifad\u0259si zaman\u0131 fotolar saxtala\u015fd\u0131r\u0131lmamal\u0131, reall\u0131q d\u0259yi\u015fdirilm\u0259m\u0259lidir.<\/p>\n\n\n\n<p><strong>Qeyd: Meydan TV reklam materiallar\u0131 yay\u0131mlam\u0131r, he\u00e7 bir d\u00f6vl\u0259t v\u0259 \u00f6z\u0259l \u015firk\u0259tl\u0259 \u0259m\u0259kda\u015fl\u0131q etmir!<\/strong><\/p>\n","protected":false},"excerpt":{"rendered":"<p>Q\u0259r\u0259zsizlik Meydan TV \u00fc\u00e7\u00fcn \u00e7al\u0131\u015fan jurnalist s\u00f6z v\u0259 ifad\u0259 azadl\u0131\u011f\u0131na, &#8230; <\/p>\n<p class=\"read-more-container\"><a title=\"Etik prinsipl\u0259ri\" class=\"read-more button\" href=\"https:\/\/www.meydan.tv\/az\/etik-qaydalar\/#more-1714\" aria-label=\"Read more about Etik prinsipl\u0259ri\">Davam\u0131<\/a><\/p>\n","protected":false},"author":11,"featured_media":0,"parent":0,"menu_order":0,"comment_status":"closed","ping_status":"closed","template":"","meta":{"_acf_changed":false,"_sitemap_exclude":false,"_sitemap_priority":"","_sitemap_frequency":"","footnotes":""},"class_list":{"0":"post-1714","1":"page","2":"type-page","3":"status-publish","5":"infinite-scroll-item","6":"no-featured-image-padding"},"acf":[],"yoast_head":"<!-- This site is optimized with the Yoast SEO plugin v27.4 - https:\/\/yoast.com\/product\/yoast-seo-wordpress\/ -->\n<title>Etik prinsipl\u0259ri - MEYDAN.TV<\/title>\n<meta name=\"robots\" content=\"index, follow, max-snippet:-1, max-image-preview:large, max-video-preview:-1\" \/>\n<link rel=\"canonical\" href=\"https:\/\/www.meydan.tv\/az\/etik-qaydalar\/\" \/>\n<meta property=\"og:locale\" content=\"az_AZ\" \/>\n<meta property=\"og:type\" content=\"article\" \/>\n<meta property=\"og:title\" content=\"Etik prinsipl\u0259ri - MEYDAN.TV\" \/>\n<meta property=\"og:description\" content=\"Q\u0259r\u0259zsizlik Meydan TV \u00fc\u00e7\u00fcn \u00e7al\u0131\u015fan jurnalist s\u00f6z v\u0259 ifad\u0259 azadl\u0131\u011f\u0131na, ... Davam\u0131\" \/>\n<meta property=\"og:url\" content=\"https:\/\/www.meydan.tv\/az\/etik-qaydalar\/\" \/>\n<meta property=\"og:site_name\" content=\"MEYDAN.TV\" \/>\n<meta property=\"article:modified_time\" content=\"2023-06-01T17:07:45+00:00\" \/>\n<meta name=\"twitter:card\" content=\"summary_large_image\" \/>\n<script type=\"application\/ld+json\" class=\"yoast-schema-graph\">{\"@context\":\"https:\\\/\\\/schema.org\",\"@graph\":[{\"@type\":\"WebPage\",\"@id\":\"https:\\\/\\\/www.meydan.tv\\\/az\\\/etik-qaydalar\\\/\",\"url\":\"https:\\\/\\\/www.meydan.tv\\\/az\\\/etik-qaydalar\\\/\",\"name\":\"Etik prinsipl\u0259ri - MEYDAN.TV\",\"isPartOf\":{\"@id\":\"https:\\\/\\\/www.meydan.tv\\\/az\\\/#website\"},\"datePublished\":\"2021-06-29T05:47:28+00:00\",\"dateModified\":\"2023-06-01T17:07:45+00:00\",\"breadcrumb\":{\"@id\":\"https:\\\/\\\/www.meydan.tv\\\/az\\\/etik-qaydalar\\\/#breadcrumb\"},\"inLanguage\":\"az\",\"potentialAction\":[{\"@type\":\"ReadAction\",\"target\":[\"https:\\\/\\\/www.meydan.tv\\\/az\\\/etik-qaydalar\\\/\"]}]},{\"@type\":\"BreadcrumbList\",\"@id\":\"https:\\\/\\\/www.meydan.tv\\\/az\\\/etik-qaydalar\\\/#breadcrumb\",\"itemListElement\":[{\"@type\":\"ListItem\",\"position\":1,\"name\":\"Ana s\u0259hif\u0259\",\"item\":\"https:\\\/\\\/www.meydan.tv\\\/az\\\/\"},{\"@type\":\"ListItem\",\"position\":2,\"name\":\"Etik prinsipl\u0259ri\"}]},{\"@type\":\"WebSite\",\"@id\":\"https:\\\/\\\/www.meydan.tv\\\/az\\\/#website\",\"url\":\"https:\\\/\\\/www.meydan.tv\\\/az\\\/\",\"name\":\"MEYDAN.TV\",\"description\":\"Meydan TV Az\u0259rbaycan\u0131n media m\u0259kan\u0131ndak\u0131 alternativ s\u0259sidir\",\"publisher\":{\"@id\":\"https:\\\/\\\/www.meydan.tv\\\/az\\\/#organization\"},\"potentialAction\":[{\"@type\":\"SearchAction\",\"target\":{\"@type\":\"EntryPoint\",\"urlTemplate\":\"https:\\\/\\\/www.meydan.tv\\\/az\\\/?s={search_term_string}\"},\"query-input\":{\"@type\":\"PropertyValueSpecification\",\"valueRequired\":true,\"valueName\":\"search_term_string\"}}],\"inLanguage\":\"az\"},{\"@type\":\"Organization\",\"@id\":\"https:\\\/\\\/www.meydan.tv\\\/az\\\/#organization\",\"name\":\"Meydan TV\",\"url\":\"https:\\\/\\\/www.meydan.tv\\\/az\\\/\",\"logo\":{\"@type\":\"ImageObject\",\"inLanguage\":\"az\",\"@id\":\"https:\\\/\\\/www.meydan.tv\\\/az\\\/#\\\/schema\\\/logo\\\/image\\\/\",\"url\":\"https:\\\/\\\/www.meydan.tv\\\/wp-content\\\/uploads\\\/2021\\\/07\\\/meydan-logo.svg\",\"contentUrl\":\"https:\\\/\\\/www.meydan.tv\\\/wp-content\\\/uploads\\\/2021\\\/07\\\/meydan-logo.svg\",\"width\":195,\"height\":46,\"caption\":\"Meydan TV\"},\"image\":{\"@id\":\"https:\\\/\\\/www.meydan.tv\\\/az\\\/#\\\/schema\\\/logo\\\/image\\\/\"}}]}<\/script>\n<!-- \/ Yoast SEO plugin. -->","yoast_head_json":{"title":"Etik prinsipl\u0259ri - MEYDAN.TV","robots":{"index":"index","follow":"follow","max-snippet":"max-snippet:-1","max-image-preview":"max-image-preview:large","max-video-preview":"max-video-preview:-1"},"canonical":"https:\/\/www.meydan.tv\/az\/etik-qaydalar\/","og_locale":"az_AZ","og_type":"article","og_title":"Etik prinsipl\u0259ri - MEYDAN.TV","og_description":"Q\u0259r\u0259zsizlik Meydan TV \u00fc\u00e7\u00fcn \u00e7al\u0131\u015fan jurnalist s\u00f6z v\u0259 ifad\u0259 azadl\u0131\u011f\u0131na, ... Davam\u0131","og_url":"https:\/\/www.meydan.tv\/az\/etik-qaydalar\/","og_site_name":"MEYDAN.TV","article_modified_time":"2023-06-01T17:07:45+00:00","twitter_card":"summary_large_image","schema":{"@context":"https:\/\/schema.org","@graph":[{"@type":"WebPage","@id":"https:\/\/www.meydan.tv\/az\/etik-qaydalar\/","url":"https:\/\/www.meydan.tv\/az\/etik-qaydalar\/","name":"Etik prinsipl\u0259ri - MEYDAN.TV","isPartOf":{"@id":"https:\/\/www.meydan.tv\/az\/#website"},"datePublished":"2021-06-29T05:47:28+00:00","dateModified":"2023-06-01T17:07:45+00:00","breadcrumb":{"@id":"https:\/\/www.meydan.tv\/az\/etik-qaydalar\/#breadcrumb"},"inLanguage":"az","potentialAction":[{"@type":"ReadAction","target":["https:\/\/www.meydan.tv\/az\/etik-qaydalar\/"]}]},{"@type":"BreadcrumbList","@id":"https:\/\/www.meydan.tv\/az\/etik-qaydalar\/#breadcrumb","itemListElement":[{"@type":"ListItem","position":1,"name":"Ana s\u0259hif\u0259","item":"https:\/\/www.meydan.tv\/az\/"},{"@type":"ListItem","position":2,"name":"Etik prinsipl\u0259ri"}]},{"@type":"WebSite","@id":"https:\/\/www.meydan.tv\/az\/#website","url":"https:\/\/www.meydan.tv\/az\/","name":"MEYDAN.TV","description":"Meydan TV Az\u0259rbaycan\u0131n media m\u0259kan\u0131ndak\u0131 alternativ s\u0259sidir","publisher":{"@id":"https:\/\/www.meydan.tv\/az\/#organization"},"potentialAction":[{"@type":"SearchAction","target":{"@type":"EntryPoint","urlTemplate":"https:\/\/www.meydan.tv\/az\/?s={search_term_string}"},"query-input":{"@type":"PropertyValueSpecification","valueRequired":true,"valueName":"search_term_string"}}],"inLanguage":"az"},{"@type":"Organization","@id":"https:\/\/www.meydan.tv\/az\/#organization","name":"Meydan TV","url":"https:\/\/www.meydan.tv\/az\/","logo":{"@type":"ImageObject","inLanguage":"az","@id":"https:\/\/www.meydan.tv\/az\/#\/schema\/logo\/image\/","url":"https:\/\/www.meydan.tv\/wp-content\/uploads\/2021\/07\/meydan-logo.svg","contentUrl":"https:\/\/www.meydan.tv\/wp-content\/uploads\/2021\/07\/meydan-logo.svg","width":195,"height":46,"caption":"Meydan TV"},"image":{"@id":"https:\/\/www.meydan.tv\/az\/#\/schema\/logo\/image\/"}}]}},"_links":{"self":[{"href":"https:\/\/www.meydan.tv\/az\/wp-json\/wp\/v2\/pages\/1714","targetHints":{"allow":["GET"]}}],"collection":[{"href":"https:\/\/www.meydan.tv\/az\/wp-json\/wp\/v2\/pages"}],"about":[{"href":"https:\/\/www.meydan.tv\/az\/wp-json\/wp\/v2\/types\/page"}],"author":[{"embeddable":true,"href":"https:\/\/www.meydan.tv\/az\/wp-json\/wp\/v2\/users\/11"}],"replies":[{"embeddable":true,"href":"https:\/\/www.meydan.tv\/az\/wp-json\/wp\/v2\/comments?post=1714"}],"version-history":[{"count":6,"href":"https:\/\/www.meydan.tv\/az\/wp-json\/wp\/v2\/pages\/1714\/revisions"}],"predecessor-version":[{"id":276674,"href":"https:\/\/www.meydan.tv\/az\/wp-json\/wp\/v2\/pages\/1714\/revisions\/276674"}],"wp:attachment":[{"href":"https:\/\/www.meydan.tv\/az\/wp-json\/wp\/v2\/media?parent=1714"}],"curies":[{"name":"wp","href":"https:\/\/api.w.org\/{rel}","templated":true}]}}